{"id":274,"date":"2022-05-12T12:41:27","date_gmt":"2022-05-12T10:41:27","guid":{"rendered":"https:\/\/pandemiccommunity.blogs.upv.es\/?page_id=274"},"modified":"2023-01-05T19:01:52","modified_gmt":"2023-01-05T18:01:52","slug":"dona-vicenta","status":"publish","type":"page","link":"https:\/\/pandemiccommunity.blogs.upv.es\/en\/exposicion-2\/immunidad\/dona-vicenta\/","title":{"rendered":"Do\u00f1a Vicenta"},"content":{"rendered":"<p><div class=\"fusion-fullwidth fullwidth-box fusion-builder-row-3 nonhundred-percent-fullwidth non-hundred-percent-height-scrolling\"  style='background-color: rgba(255,255,255,0);background-position: center center;background-repeat: no-repeat;padding-top:0px;padding-right:0px;padding-bottom:0px;padding-left:0px;'><div class=\"fusion-builder-row fusion-row \"><div  class=\"fusion-layout-column fusion_builder_column fusion_builder_column_1_2 fusion-builder-column-4 fusion-one-half fusion-column-first 1_2\"  style='margin-top:0px;margin-bottom:20px;width:50%;width:calc(50% - ( ( 4% ) * 0.5 ) );margin-right: 4%;'><div class=\"fusion-column-wrapper\" style=\"padding: 0px 0px 0px 0px;background-position:left top;background-repeat:no-repeat;-webkit-background-size:cover;-moz-background-size:cover;-o-background-size:cover;background-size:cover;\"   data-bg-url=\"\"><div class=\"fusion-slider-sc fusion-flexslider-loading flexslider flexslider-hover-type-liftup\" data-slideshow_autoplay=\"0\" data-slideshow_smooth_height=\"1\" data-slideshow_speed=\"2000\" style=\"max-width:100%;height:100%;\"><ul class=\"slides\"><li class=\"image\"><span class=\"fusion-image-hover-element hover-type-liftup\"><img loading=\"lazy\" decoding=\"async\" src=\"http:\/\/pandemiccommunity.blogs.upv.es\/wp-content\/uploads\/2022\/05\/Dona-Vicenta-1.jpg\" width=\"1187\" height=\"1141\" class=\"wp-image-275\" srcset=\"https:\/\/pandemiccommunity.blogs.upv.es\/wp-content\/uploads\/2022\/05\/Dona-Vicenta-1-300x288.jpg 300w, https:\/\/pandemiccommunity.blogs.upv.es\/wp-content\/uploads\/2022\/05\/Dona-Vicenta-1-676x650.jpg 676w, https:\/\/pandemiccommunity.blogs.upv.es\/wp-content\/uploads\/2022\/05\/Dona-Vicenta-1-768x738.jpg 768w, https:\/\/pandemiccommunity.blogs.upv.es\/wp-content\/uploads\/2022\/05\/Dona-Vicenta-1-1024x984.jpg 1024w, https:\/\/pandemiccommunity.blogs.upv.es\/wp-content\/uploads\/2022\/05\/Dona-Vicenta-1.jpg 1187w\" sizes=\"auto, (max-width: 1187px) 100vw, 1187px\" \/><\/span><\/li><li class=\"image\"><span class=\"fusion-image-hover-element hover-type-liftup\"><img loading=\"lazy\" decoding=\"async\" src=\"http:\/\/pandemiccommunity.blogs.upv.es\/wp-content\/uploads\/2022\/05\/Dona-Vicenta-2.jpg\" width=\"1124\" height=\"1019\" class=\"wp-image-276\" srcset=\"https:\/\/pandemiccommunity.blogs.upv.es\/wp-content\/uploads\/2022\/05\/Dona-Vicenta-2-300x272.jpg 300w, https:\/\/pandemiccommunity.blogs.upv.es\/wp-content\/uploads\/2022\/05\/Dona-Vicenta-2-676x613.jpg 676w, https:\/\/pandemiccommunity.blogs.upv.es\/wp-content\/uploads\/2022\/05\/Dona-Vicenta-2-768x696.jpg 768w, https:\/\/pandemiccommunity.blogs.upv.es\/wp-content\/uploads\/2022\/05\/Dona-Vicenta-2-1024x928.jpg 1024w, https:\/\/pandemiccommunity.blogs.upv.es\/wp-content\/uploads\/2022\/05\/Dona-Vicenta-2.jpg 1124w\" sizes=\"auto, (max-width: 1124px) 100vw, 1124px\" \/><\/span><\/li><li class=\"image\"><span class=\"fusion-image-hover-element hover-type-liftup\"><img loading=\"lazy\" decoding=\"async\" src=\"http:\/\/pandemiccommunity.blogs.upv.es\/wp-content\/uploads\/2022\/05\/Dona-Vicenta-3.jpg\" width=\"1124\" height=\"1054\" class=\"wp-image-277\" srcset=\"https:\/\/pandemiccommunity.blogs.upv.es\/wp-content\/uploads\/2022\/05\/Dona-Vicenta-3-300x281.jpg 300w, https:\/\/pandemiccommunity.blogs.upv.es\/wp-content\/uploads\/2022\/05\/Dona-Vicenta-3-676x634.jpg 676w, https:\/\/pandemiccommunity.blogs.upv.es\/wp-content\/uploads\/2022\/05\/Dona-Vicenta-3-768x720.jpg 768w, https:\/\/pandemiccommunity.blogs.upv.es\/wp-content\/uploads\/2022\/05\/Dona-Vicenta-3-1024x960.jpg 1024w, https:\/\/pandemiccommunity.blogs.upv.es\/wp-content\/uploads\/2022\/05\/Dona-Vicenta-3.jpg 1124w\" sizes=\"auto, (max-width: 1124px) 100vw, 1124px\" \/><\/span><\/li><li class=\"image\"><span class=\"fusion-image-hover-element hover-type-liftup\"><img loading=\"lazy\" decoding=\"async\" src=\"http:\/\/pandemiccommunity.blogs.upv.es\/wp-content\/uploads\/2022\/05\/Dona-Vicenta-4.jpg\" width=\"1118\" height=\"1126\" class=\"wp-image-278\" srcset=\"https:\/\/pandemiccommunity.blogs.upv.es\/wp-content\/uploads\/2022\/05\/Dona-Vicenta-4-150x150.jpg 150w, https:\/\/pandemiccommunity.blogs.upv.es\/wp-content\/uploads\/2022\/05\/Dona-Vicenta-4-298x300.jpg 298w, https:\/\/pandemiccommunity.blogs.upv.es\/wp-content\/uploads\/2022\/05\/Dona-Vicenta-4-676x681.jpg 676w, https:\/\/pandemiccommunity.blogs.upv.es\/wp-content\/uploads\/2022\/05\/Dona-Vicenta-4-768x773.jpg 768w, https:\/\/pandemiccommunity.blogs.upv.es\/wp-content\/uploads\/2022\/05\/Dona-Vicenta-4-1017x1024.jpg 1017w, https:\/\/pandemiccommunity.blogs.upv.es\/wp-content\/uploads\/2022\/05\/Dona-Vicenta-4.jpg 1118w\" sizes=\"auto, (max-width: 1118px) 100vw, 1118px\" \/><\/span><\/li><li class=\"image\"><span class=\"fusion-image-hover-element hover-type-liftup\"><img loading=\"lazy\" decoding=\"async\" src=\"http:\/\/pandemiccommunity.blogs.upv.es\/wp-content\/uploads\/2022\/05\/Dona-Vicenta-5.jpg\" width=\"1364\" height=\"2048\" class=\"wp-image-279\" srcset=\"https:\/\/pandemiccommunity.blogs.upv.es\/wp-content\/uploads\/2022\/05\/Dona-Vicenta-5-200x300.jpg 200w, https:\/\/pandemiccommunity.blogs.upv.es\/wp-content\/uploads\/2022\/05\/Dona-Vicenta-5.jpg 1364w\" sizes=\"auto, (max-width: 1100px) 100vw, 1364px\" \/><\/span><\/li><li class=\"image\"><span class=\"fusion-image-hover-element hover-type-liftup\"><img loading=\"lazy\" decoding=\"async\" src=\"http:\/\/pandemiccommunity.blogs.upv.es\/wp-content\/uploads\/2022\/05\/Dona-Vicenta-6-scaled.jpg\" width=\"1895\" height=\"2560\" class=\"wp-image-213\" srcset=\"https:\/\/pandemiccommunity.blogs.upv.es\/wp-content\/uploads\/2022\/05\/Dona-Vicenta-6-222x300.jpg 222w, https:\/\/pandemiccommunity.blogs.upv.es\/wp-content\/uploads\/2022\/05\/Dona-Vicenta-6-676x913.jpg 676w, https:\/\/pandemiccommunity.blogs.upv.es\/wp-content\/uploads\/2022\/05\/Dona-Vicenta-6-758x1024.jpg 758w, https:\/\/pandemiccommunity.blogs.upv.es\/wp-content\/uploads\/2022\/05\/Dona-Vicenta-6-768x1038.jpg 768w, https:\/\/pandemiccommunity.blogs.upv.es\/wp-content\/uploads\/2022\/05\/Dona-Vicenta-6-1137x1536.jpg 1137w, https:\/\/pandemiccommunity.blogs.upv.es\/wp-content\/uploads\/2022\/05\/Dona-Vicenta-6-1516x2048.jpg 1516w, https:\/\/pandemiccommunity.blogs.upv.es\/wp-content\/uploads\/2022\/05\/Dona-Vicenta-6-scaled.jpg 1895w\" sizes=\"auto, (max-width: 1895px) 100vw, 1895px\" \/><\/span><\/li><\/ul><\/div><div class=\"fusion-clearfix\"><\/div><\/div><\/div><div  class=\"fusion-layout-column fusion_builder_column fusion_builder_column_1_2 fusion-builder-column-5 fusion-one-half fusion-column-last 1_2\"  style='margin-top:0px;margin-bottom:20px;width:50%;width:calc(50% - ( ( 4% ) * 0.5 ) );'><div class=\"fusion-column-wrapper\" style=\"padding: 0px 0px 0px 0px;background-position:left top;background-repeat:no-repeat;-webkit-background-size:cover;-moz-background-size:cover;-o-background-size:cover;background-size:cover;\"   data-bg-url=\"\"><style type=\"text\/css\">@media only screen and (max-width:800px) {.fusion-title.fusion-title-4{margin-top:10px!important;margin-bottom:10px!important;}}<\/style><div class=\"fusion-title title fusion-title-4 fusion-sep-none fusion-title-text fusion-title-size-one\" style=\"margin-top:10px;margin-bottom:15px;\"><h1 class=\"title-heading-left\" style=\"margin:0;\">DO\u00d1A VICENTA<\/h1><\/div><style type=\"text\/css\">@media only screen and (max-width:800px) {.fusion-title.fusion-title-5{margin-top:10px!important;margin-bottom:10px!important;}}<\/style><div class=\"fusion-title title fusion-title-5 fusion-sep-none fusion-title-text fusion-title-size-six\" style=\"margin-top:10px;margin-bottom:15px;\"><h6 class=\"title-heading-left\" style=\"margin:0;\"><a href=\"https:\/\/pandemiccommunity.blogs.upv.es\/artistas\/artistasemergentes\/\">Irene Monje Mart\u00ednez<\/a><\/h6><\/div><div class=\"fusion-sep-clear\"><\/div><div class=\"fusion-separator fusion-full-width-sep sep-single sep-solid\" style=\"border-color:#6ba85e;border-top-width:5px;margin-left: auto;margin-right: auto;margin-top:;\"><\/div><div class=\"fusion-sep-clear\"><\/div><div class=\"fusion-separator fusion-full-width-sep sep-single\" style=\"border-color:#ffffff;border-top-width:1px;margin-left: auto;margin-right: auto;margin-top:;\"><\/div><div class=\"fusion-sep-clear\"><\/div><div class=\"fusion-separator fusion-full-width-sep sep-single\" style=\"border-color:#ffffff;border-top-width:1px;margin-left: auto;margin-right: auto;margin-top:;\"><\/div><div class=\"fusion-sep-clear\"><\/div><div class=\"fusion-separator fusion-full-width-sep sep-single\" style=\"border-color:#ffffff;border-top-width:1px;margin-left: auto;margin-right: auto;margin-top:;\"><\/div><div class=\"fusion-text\"><p><em><span style=\"font-weight: 400\">Mediaci\u00f3n art\u00edstica y performance<\/span><\/em><br \/>\n<em><span style=\"font-weight: 400\">8 de marzo 2022<\/span><\/em><br \/>\n<em><span style=\"font-weight: 400\">Anfiteatro de Benim\u00e1met<\/span><\/em><\/p>\n<\/div><div class=\"fusion-text\"><p><span style=\"font-weight: 400\">Esta es una iniciativa que nace de la asociaci\u00f3n de vecinas de Benim\u00e0met y la actriz Mar\u00eda Jos\u00e9 Matoses, para homenajear a mujeres que han tenido repercusi\u00f3n en el barrio. Mi motivaci\u00f3n de participaci\u00f3n en este acto viene dada por la necesidad de establecer lazos y crear una comunidad de apoyo en este entorno, para seguir creciendo desde esta perspectiva.<\/span><\/p>\n<p><span style=\"font-weight: 400\">Algunos de los objetivos que persigue esta mediaci\u00f3n art\u00edstica son crear tejido vecinal, encontrar referentes cercanos a la historia del entorno, explorar lo perform\u00e1tico en la creaci\u00f3n de un retrato y la asistencia o seguimiento de las reuniones previas en las que se reparten tareas sobre la escenograf\u00eda, la organizaci\u00f3n\u2026\u00a0<\/span><\/p>\n<p><span style=\"font-weight: 400\">El vecindario busca referentes femeninos en el barrio, y se deciden por homenajear a las dos mujeres que tienen una calle con su nombre, por su relevancia en cuanto a su vida profesional. Partiendo de esta idea, buscan crear un acto escenogr\u00e1fico en el que se genere una ceremonia reivindicando la importancia que sigue teniendo el D\u00eda Internacional de la Mujer. Por ello, ofrezco el servicio de crear un cartel para promocionar el acto, y adem\u00e1s, junto a una compa\u00f1era, Clara Lled\u00f3, retratar a una de estas dos mujeres, con ello, adem\u00e1s de darla a conocer, resaltar su vida y existencia. El acto se celebra en el anfiteatro del barrio, un lugar situado en un parque, totalmente abierto al p\u00fablico.<\/span><\/p>\n<p><span style=\"font-weight: 400\">Tras llevarlo a cabo todo cobra sentido, ya que nuestro trabajo pasaba por una puesta en escena que est\u00e1 muy ligada a la improvisaci\u00f3n, por ello, era necesario mimetizarse con el entorno y la escenograf\u00eda para poder llevarlo a cabo.<\/span><\/p>\n<p><span style=\"font-weight: 400\">Es interesante ver que las familias de las mujeres homenajeadas se sent\u00edan profundamente agradecidas, as\u00ed como ver que al principio del acto \u00e9ramos las mismas personas que suelen participar en estos actos, personas con una media de edad de 60 a\u00f1os, y finalmente se\u00a0 fue llenando hasta ir compensando un poco el perfil del p\u00fablico.<\/span><\/p>\n<\/div><div class=\"fusion-clearfix\"><\/div><\/div><\/div><\/div><\/div><style type=\"text\/css\">.fusion-fullwidth.fusion-builder-row-3 a:not(.fusion-button):not(.fusion-builder-module-control):not(.fusion-social-network-icon):not(.fb-icon-element):not(.fusion-countdown-link):not(.fusion-rollover-link):not(.fusion-rollover-gallery):not(.fusion-button-bar):not(.add_to_cart_button):not(.show_details_button):not(.product_type_external):not(.fusion-quick-view):not(.fusion-rollover-title-link):not(.fusion-breadcrumb-link):hover, .fusion-fullwidth.fusion-builder-row-3 a:not(.fusion-button):not(.fusion-builder-module-control):not(.fusion-social-network-icon):not(.fb-icon-element):not(.fusion-countdown-link):not(.fusion-rollover-link):not(.fusion-rollover-gallery):not(.fusion-button-bar):not(.add_to_cart_button):not(.show_details_button):not(.product_type_external):not(.fusion-quick-view):not(.fusion-rollover-title-link):not(.fusion-breadcrumb-link):hover:before, .fusion-fullwidth.fusion-builder-row-3 a:not(.fusion-button):not(.fusion-builder-module-control):not(.fusion-social-network-icon):not(.fb-icon-element):not(.fusion-countdown-link):not(.fusion-rollover-link):not(.fusion-rollover-gallery):not(.fusion-button-bar):not(.add_to_cart_button):not(.show_details_button):not(.product_type_external):not(.fusion-quick-view):not(.fusion-rollover-title-link):not(.fusion-breadcrumb-link):hover:after {color: #65bc7b;}.fusion-fullwidth.fusion-builder-row-3 .pagination a.inactive:hover, .fusion-fullwidth.fusion-builder-row-3 .fusion-filters .fusion-filter.fusion-active a {border-color: #65bc7b;}.fusion-fullwidth.fusion-builder-row-3 .pagination .current {border-color: #65bc7b; background-color: #65bc7b;}.fusion-fullwidth.fusion-builder-row-3 .fusion-filters .fusion-filter.fusion-active a, .fusion-fullwidth.fusion-builder-row-3 .fusion-date-and-formats .fusion-format-box, .fusion-fullwidth.fusion-builder-row-3 .fusion-popover, .fusion-fullwidth.fusion-builder-row-3 .tooltip-shortcode {color: #65bc7b;}#main .fusion-fullwidth.fusion-builder-row-3 .post .blog-shortcode-post-title a:hover {color: #65bc7b;}<\/style><div class=\"fusion-fullwidth fullwidth-box fusion-builder-row-4 nonhundred-percent-fullwidth non-hundred-percent-height-scrolling\"  style='background-color: rgba(255,255,255,0);background-position: center center;background-repeat: no-repeat;padding-top:0px;padding-right:0px;padding-bottom:0px;padding-left:0px;'><div class=\"fusion-builder-row fusion-row \"><div  class=\"fusion-layout-column fusion_builder_column fusion_builder_column_1_1 fusion-builder-column-6 fusion-one-full fusion-column-first fusion-column-last 1_1\"  style='margin-top:0px;margin-bottom:20px;'><div class=\"fusion-column-wrapper\" style=\"padding: 0px 0px 0px 0px;background-position:left top;background-repeat:no-repeat;-webkit-background-size:cover;-moz-background-size:cover;-o-background-size:cover;background-size:cover;\"   data-bg-url=\"\"><style type=\"text\/css\">@media only screen and (max-width:800px) {.fusion-title.fusion-title-6{margin-top:10px!important;margin-bottom:10px!important;}}<\/style><div class=\"fusion-title title fusion-title-6 fusion-sep-none fusion-title-center fusion-title-text fusion-title-size-one\" style=\"margin-top:10px;margin-bottom:15px;\"><h1 class=\"title-heading-center\" style=\"margin:0;color:#6ba85e;\">GLOSARIO<\/h1><\/div><div class=\"fusion-sep-clear\"><\/div><div class=\"fusion-separator fusion-full-width-sep sep-single sep-solid\" style=\"border-color:#6ba85e;border-top-width:5px;margin-left: auto;margin-right: auto;margin-top:;\"><\/div><div class=\"fusion-sep-clear\"><\/div><div class=\"fusion-separator fusion-full-width-sep sep-single\" style=\"border-color:#ffffff;border-top-width:1px;margin-left: auto;margin-right: auto;margin-top:;\"><\/div><div class=\"fusion-sep-clear\"><\/div><div class=\"fusion-separator fusion-full-width-sep sep-single\" style=\"border-color:#ffffff;border-top-width:1px;margin-left: auto;margin-right: auto;margin-top:;\"><\/div><div class=\"fusion-sep-clear\"><\/div><div class=\"fusion-separator fusion-full-width-sep sep-single\" style=\"border-color:#ffffff;border-top-width:1px;margin-left: auto;margin-right: auto;margin-top:;\"><\/div><div class=\"fusion-sep-clear\"><\/div><div class=\"fusion-separator fusion-full-width-sep sep-single\" style=\"border-color:#ffffff;border-top-width:1px;margin-left: auto;margin-right: auto;margin-top:;\"><\/div><div class=\"fusion-text\"><p><a href=\"https:\/\/pandemiccommunity.blogs.upv.es\/glosario\/#redes\">REDES<\/a><\/p>\n<p><a href=\"https:\/\/pandemiccommunity.blogs.upv.es\/glosario\/#inmunidad\">INMUNIDAD<\/a><\/p>\n<p><a href=\"https:\/\/pandemiccommunity.blogs.upv.es\/glosario\/#local\">LOCAL<\/a><\/p>\n<p><a href=\"https:\/\/pandemiccommunity.blogs.upv.es\/glosario\/#interseccionalidad\">INTERSECCIONALIDAD<\/a><\/p>\n<p><a href=\"https:\/\/pandemiccommunity.blogs.upv.es\/glosario\/#memoria\">MEMORIA<\/a><\/p>\n<p><a href=\"https:\/\/pandemiccommunity.blogs.upv.es\/glosario\/#tejido-vecinal\">TEJIDO VECINAL<\/a><\/p>\n<p><a href=\"https:\/\/pandemiccommunity.blogs.upv.es\/glosario\/#presencial\">PRESENCIAL<\/a><\/p>\n<\/div><div class=\"fusion-clearfix\"><\/div><\/div><\/div><div  class=\"fusion-layout-column fusion_builder_column fusion_builder_column_1_1 fusion-builder-column-7 fusion-one-full fusion-column-first fusion-column-last 1_1\"  style='margin-top:0px;margin-bottom:20px;'><div class=\"fusion-column-wrapper\" style=\"padding: 0px 0px 0px 0px;background-position:left top;background-repeat:no-repeat;-webkit-background-size:cover;-moz-background-size:cover;-o-background-size:cover;background-size:cover;\"   data-bg-url=\"\"><div class=\"fusion-button-wrapper\"><style type=\"text\/css\">.fusion-button.button-2 .fusion-button-text, .fusion-button.button-2 i {color:#ffffff;}.fusion-button.button-2 .fusion-button-icon-divider{border-color:#ffffff;}.fusion-button.button-2:hover .fusion-button-text, .fusion-button.button-2:hover i,.fusion-button.button-2:focus .fusion-button-text, .fusion-button.button-2:focus i,.fusion-button.button-2:active .fusion-button-text, .fusion-button.button-2:active{color:#ffffff;}.fusion-button.button-2:hover .fusion-button-icon-divider, .fusion-button.button-2:hover .fusion-button-icon-divider, .fusion-button.button-2:active .fusion-button-icon-divider{border-color:#ffffff;}.fusion-button.button-2:hover, .fusion-button.button-2:focus, .fusion-button.button-2:active{border-color:#ffffff;border-width:0px;}.fusion-button.button-2 {border-color:#ffffff;border-width:0px;border-radius:10px;}.fusion-button.button-2{background: #6ba85e;}.fusion-button.button-2:hover,.button-2:focus,.fusion-button.button-2:active{background: #6ba85e;}.fusion-button.button-2 .fusion-button-text {text-transform:uppercase;}<\/style><a class=\"fusion-button button-flat button-xlarge button-custom button-2 fusion-button-default-span fusion-button-default-type\" target=\"_self\" href=\"javascript:history.back()\" id=\"volver\"><i class=\"fa-arrow-left fas button-icon-left\"><\/i><span class=\"fusion-button-text\"><\/span><\/a><\/div><div class=\"fusion-clearfix\"><\/div><\/div><\/div><\/div><\/div><style type=\"text\/css\">.fusion-fullwidth.fusion-builder-row-4 a:not(.fusion-button):not(.fusion-builder-module-control):not(.fusion-social-network-icon):not(.fb-icon-element):not(.fusion-countdown-link):not(.fusion-rollover-link):not(.fusion-rollover-gallery):not(.fusion-button-bar):not(.add_to_cart_button):not(.show_details_button):not(.product_type_external):not(.fusion-quick-view):not(.fusion-rollover-title-link):not(.fusion-breadcrumb-link):hover, .fusion-fullwidth.fusion-builder-row-4 a:not(.fusion-button):not(.fusion-builder-module-control):not(.fusion-social-network-icon):not(.fb-icon-element):not(.fusion-countdown-link):not(.fusion-rollover-link):not(.fusion-rollover-gallery):not(.fusion-button-bar):not(.add_to_cart_button):not(.show_details_button):not(.product_type_external):not(.fusion-quick-view):not(.fusion-rollover-title-link):not(.fusion-breadcrumb-link):hover:before, .fusion-fullwidth.fusion-builder-row-4 a:not(.fusion-button):not(.fusion-builder-module-control):not(.fusion-social-network-icon):not(.fb-icon-element):not(.fusion-countdown-link):not(.fusion-rollover-link):not(.fusion-rollover-gallery):not(.fusion-button-bar):not(.add_to_cart_button):not(.show_details_button):not(.product_type_external):not(.fusion-quick-view):not(.fusion-rollover-title-link):not(.fusion-breadcrumb-link):hover:after {color: #65bc7b;}.fusion-fullwidth.fusion-builder-row-4 .pagination a.inactive:hover, .fusion-fullwidth.fusion-builder-row-4 .fusion-filters .fusion-filter.fusion-active a {border-color: #65bc7b;}.fusion-fullwidth.fusion-builder-row-4 .pagination .current {border-color: #65bc7b; background-color: #65bc7b;}.fusion-fullwidth.fusion-builder-row-4 .fusion-filters .fusion-filter.fusion-active a, .fusion-fullwidth.fusion-builder-row-4 .fusion-date-and-formats .fusion-format-box, .fusion-fullwidth.fusion-builder-row-4 .fusion-popover, .fusion-fullwidth.fusion-builder-row-4 .tooltip-shortcode {color: #65bc7b;}#main .fusion-fullwidth.fusion-builder-row-4 .post .blog-shortcode-post-title a:hover {color: #65bc7b;}<\/style><\/p>","protected":false},"excerpt":{"rendered":"","protected":false},"author":55674,"featured_media":0,"parent":47,"menu_order":0,"comment_status":"closed","ping_status":"closed","template":"template-fullwidth.php","meta":{"footnotes":""},"class_list":["post-274","page","type-page","status-publish","hentry","post-preview"],"_links":{"self":[{"href":"https:\/\/pandemiccommunity.blogs.upv.es\/en\/wp-json\/wp\/v2\/pages\/274","targetHints":{"allow":["GET"]}}],"collection":[{"href":"https:\/\/pandemiccommunity.blogs.upv.es\/en\/wp-json\/wp\/v2\/pages"}],"about":[{"href":"https:\/\/pandemiccommunity.blogs.upv.es\/en\/wp-json\/wp\/v2\/types\/page"}],"author":[{"embeddable":true,"href":"https:\/\/pandemiccommunity.blogs.upv.es\/en\/wp-json\/wp\/v2\/users\/55674"}],"replies":[{"embeddable":true,"href":"https:\/\/pandemiccommunity.blogs.upv.es\/en\/wp-json\/wp\/v2\/comments?post=274"}],"version-history":[{"count":4,"href":"https:\/\/pandemiccommunity.blogs.upv.es\/en\/wp-json\/wp\/v2\/pages\/274\/revisions"}],"predecessor-version":[{"id":2696,"href":"https:\/\/pandemiccommunity.blogs.upv.es\/en\/wp-json\/wp\/v2\/pages\/274\/revisions\/2696"}],"up":[{"embeddable":true,"href":"https:\/\/pandemiccommunity.blogs.upv.es\/en\/wp-json\/wp\/v2\/pages\/47"}],"wp:attachment":[{"href":"https:\/\/pandemiccommunity.blogs.upv.es\/en\/wp-json\/wp\/v2\/media?parent=274"}],"curies":[{"name":"wp","href":"https:\/\/api.w.org\/{rel}","templated":true}]}}