{"id":1662,"date":"2022-06-16T13:25:39","date_gmt":"2022-06-16T11:25:39","guid":{"rendered":"https:\/\/pandemiccommunity.blogs.upv.es\/?page_id=1662"},"modified":"2023-01-10T16:00:53","modified_gmt":"2023-01-10T15:00:53","slug":"las-socias","status":"publish","type":"page","link":"https:\/\/pandemiccommunity.blogs.upv.es\/en\/exposicion-2\/redes\/las-socias\/","title":{"rendered":"Las socias"},"content":{"rendered":"<p><div class=\"fusion-fullwidth fullwidth-box fusion-builder-row-3 nonhundred-percent-fullwidth non-hundred-percent-height-scrolling\"  style='background-color: rgba(255,255,255,0);background-position: center center;background-repeat: no-repeat;padding-top:0px;padding-right:0px;padding-bottom:0px;padding-left:0px;'><div class=\"fusion-builder-row fusion-row \"><div  class=\"fusion-layout-column fusion_builder_column fusion_builder_column_1_2 fusion-builder-column-4 fusion-one-half fusion-column-first 1_2\"  style='margin-top:0px;margin-bottom:20px;width:50%;width:calc(50% - ( ( 4% ) * 0.5 ) );margin-right: 4%;'><div class=\"fusion-column-wrapper\" style=\"padding: 0px 0px 0px 0px;background-position:left top;background-repeat:no-repeat;-webkit-background-size:cover;-moz-background-size:cover;-o-background-size:cover;background-size:cover;\"   data-bg-url=\"\"><div class=\"fusion-video fusion-youtube\" style=\"max-width:600px;max-height:360px;\"><div class=\"video-shortcode\"><iframe loading=\"lazy\" title=\"YouTube video player\" src=\"https:\/\/www.youtube.com\/embed\/OPwURx3RtUM?wmode=transparent&autoplay=0\" width=\"600\" height=\"360\" allowfullscreen allow=\"autoplay; fullscreen\"><\/iframe><\/div><\/div><div class=\"fusion-clearfix\"><\/div><\/div><\/div><div  class=\"fusion-layout-column fusion_builder_column fusion_builder_column_1_2 fusion-builder-column-5 fusion-one-half fusion-column-last 1_2\"  style='margin-top:0px;margin-bottom:20px;width:50%;width:calc(50% - ( ( 4% ) * 0.5 ) );'><div class=\"fusion-column-wrapper\" style=\"padding: 0px 0px 0px 0px;background-position:left top;background-repeat:no-repeat;-webkit-background-size:cover;-moz-background-size:cover;-o-background-size:cover;background-size:cover;\"   data-bg-url=\"\"><style type=\"text\/css\">@media only screen and (max-width:800px) {.fusion-title.fusion-title-4{margin-top:10px!important;margin-bottom:10px!important;}}<\/style><div class=\"fusion-title title fusion-title-4 fusion-sep-none fusion-title-text fusion-title-size-one\" style=\"margin-top:10px;margin-bottom:15px;\"><h1 class=\"title-heading-left\" style=\"margin:0;\">LAS SOCIAS<\/h1><\/div><style type=\"text\/css\">@media only screen and (max-width:800px) {.fusion-title.fusion-title-5{margin-top:10px!important;margin-bottom:10px!important;}}<\/style><div class=\"fusion-title title fusion-title-5 fusion-sep-none fusion-title-text fusion-title-size-six\" style=\"margin-top:10px;margin-bottom:15px;\"><h6 class=\"title-heading-left\" style=\"margin:0;\"><span style=\"font-weight: 400\"><a href=\"https:\/\/pandemiccommunity.blogs.upv.es\/artistas\/ana-maria-millan-y-las-andariegas\/\" target=\"_blank\" rel=\"noopener\">Ana Maria Mill\u00e1n y Las Andariegas<\/a> (Guest Artist)<\/span><\/h6><\/div><div class=\"fusion-sep-clear\"><\/div><div class=\"fusion-separator fusion-full-width-sep sep-single sep-solid\" style=\"border-color:#6ba85e;border-top-width:5px;margin-left: auto;margin-right: auto;margin-top:;\"><\/div><div class=\"fusion-sep-clear\"><\/div><div class=\"fusion-separator fusion-full-width-sep sep-single\" style=\"border-color:#ffffff;border-top-width:1px;margin-left: auto;margin-right: auto;margin-top:;\"><\/div><div class=\"fusion-sep-clear\"><\/div><div class=\"fusion-separator fusion-full-width-sep sep-single\" style=\"border-color:#ffffff;border-top-width:1px;margin-left: auto;margin-right: auto;margin-top:;\"><\/div><div class=\"fusion-sep-clear\"><\/div><div class=\"fusion-separator fusion-full-width-sep sep-single\" style=\"border-color:#ffffff;border-top-width:1px;margin-left: auto;margin-right: auto;margin-top:;\"><\/div><div class=\"fusion-text\"><p><span style=\"font-weight: 400\">Video game<\/span><br \/>\n<span style=\"font-weight: 400\">2019-2021<\/span><br \/>\n<span style=\"font-weight: 400\">Directed by: Ana Mar\u00eda Mill\u00e1n y Las Andariegas<\/span><br \/>\n<span style=\"font-weight: 400\">With: Alejandra T\u00e9llez, Angie Vanessa \u00c1lvarez, Erika Vargas, Juliana Rodr\u00edguez Alfonso, Natalia Gonz\u00e1lez Gil, Vanessa Eslava, Tarsila Beita.\u00a0<\/span><br \/>\n<span style=\"font-weight: 400\">Poems: Tarsila Beita.\u00a0<\/span><br \/>\n<span style=\"font-weight: 400\">3D modeling, animation, motion capture: Andres Sandoval Alba, Ana Mar\u00eda Mill\u00e1n, Felipe Alfaro, Natalia Gonz\u00e1lez Gil y Erika Vargas.\u00a0<\/span><br \/>\n<span style=\"font-weight: 400\">Video game programming: Andres Sandoval Alba y Orlando S\u00e1nchez Palacios.<\/span><br \/>\n<span style=\"font-weight: 400\">Character Design Advice: Julx Tejimanch\u00f3n y Chamacana Tejimanch\u00f3n.\u00a0<\/span><br \/>\n<span style=\"font-weight: 400\">Choreography advice: Jennyfer Caro\u00a0<\/span><br \/>\n<span style=\"font-weight: 400\">Music: Erika Vargas, Jessica Esther Moreno \u201cLa Negra MeXa\u201d de Corroncha Son, Rasureitor y Piel de Osa Tamborera Lesbofeminista.\u00a0<\/span><br \/>\n<span style=\"font-weight: 400\">Music recording studio in Bogot\u00e1: Teusaradio.\u00a0<\/span><br \/>\n<span style=\"font-weight: 400\">Recording of poems in Choc\u00f3:Erika Vargas y Natalia Gonz\u00e1lez Gil.\u00a0<\/span><br \/>\n<span style=\"font-weight: 400\">Sound engineering:Carlos Trujillo y Carlos Pe\u00f1a.<\/span><br \/>\n<span style=\"font-weight: 400\">National University recording coordination: Dora Rodr\u00edguez.\u00a0<\/span><br \/>\n<span style=\"font-weight: 400\">Feeding: Vanessa Rodr\u00edguez -Persea Conexi\u00f3n Vegetal.\u00a0<\/span><br \/>\n<span style=\"font-weight: 400\">Transportation: Ilichtna Manga<\/span><\/p>\n<\/div><div class=\"fusion-text\"><p><span style=\"font-weight: 400\">Las socias is a video game by Ana Maria Mill\u00e1n and Las Andariegas with Alejandra T\u00e9llez, Angie Vanessa \u00c1lvarez, Erika Vargas, Juliana Rodr\u00edguez Alfonso, Natalia Gonz\u00e1lez Gil, Vanessa Eslava and Tarsila Beita. In it, six characters travel through nine worlds and in each one they face various problems with the desire and practice of finding solutions.<\/span><\/p>\n<p><span style=\"font-weight: 400\">To achieve this, they make use of their powers creating new worlds through fire, water, plants and earth.<\/span><\/p>\n<p><span style=\"font-weight: 400\">The video game is a narrative of the struggle of women and diversities for the autonomy of their bodies and their territories, proposing a different way of relating to each other between humans, nature, the environment and surroundings towards a good life from peace proposals. The characters are projections of peace proposals.<\/span><\/p>\n<p><span style=\"font-weight: 400\">Through the transmutation and transformation of matter, the video game advocates the construction of new forms of relationships between living beings, the environment and the surroundings. It represents a fiction of return to the body territories. It is a transformation from women who do not agree with architectural forms that stop the flow of nature. For that reason, each world advocates forms that enter into a harmonious relationship with other forms of life.<\/span><\/p>\n<\/div><div class=\"fusion-clearfix\"><\/div><\/div><\/div><\/div><\/div><style type=\"text\/css\">.fusion-fullwidth.fusion-builder-row-3 a:not(.fusion-button):not(.fusion-builder-module-control):not(.fusion-social-network-icon):not(.fb-icon-element):not(.fusion-countdown-link):not(.fusion-rollover-link):not(.fusion-rollover-gallery):not(.fusion-button-bar):not(.add_to_cart_button):not(.show_details_button):not(.product_type_external):not(.fusion-quick-view):not(.fusion-rollover-title-link):not(.fusion-breadcrumb-link):hover, .fusion-fullwidth.fusion-builder-row-3 a:not(.fusion-button):not(.fusion-builder-module-control):not(.fusion-social-network-icon):not(.fb-icon-element):not(.fusion-countdown-link):not(.fusion-rollover-link):not(.fusion-rollover-gallery):not(.fusion-button-bar):not(.add_to_cart_button):not(.show_details_button):not(.product_type_external):not(.fusion-quick-view):not(.fusion-rollover-title-link):not(.fusion-breadcrumb-link):hover:before, .fusion-fullwidth.fusion-builder-row-3 a:not(.fusion-button):not(.fusion-builder-module-control):not(.fusion-social-network-icon):not(.fb-icon-element):not(.fusion-countdown-link):not(.fusion-rollover-link):not(.fusion-rollover-gallery):not(.fusion-button-bar):not(.add_to_cart_button):not(.show_details_button):not(.product_type_external):not(.fusion-quick-view):not(.fusion-rollover-title-link):not(.fusion-breadcrumb-link):hover:after {color: #65bc7b;}.fusion-fullwidth.fusion-builder-row-3 .pagination a.inactive:hover, .fusion-fullwidth.fusion-builder-row-3 .fusion-filters .fusion-filter.fusion-active a {border-color: #65bc7b;}.fusion-fullwidth.fusion-builder-row-3 .pagination .current {border-color: #65bc7b; background-color: #65bc7b;}.fusion-fullwidth.fusion-builder-row-3 .fusion-filters .fusion-filter.fusion-active a, .fusion-fullwidth.fusion-builder-row-3 .fusion-date-and-formats .fusion-format-box, .fusion-fullwidth.fusion-builder-row-3 .fusion-popover, .fusion-fullwidth.fusion-builder-row-3 .tooltip-shortcode {color: #65bc7b;}#main .fusion-fullwidth.fusion-builder-row-3 .post .blog-shortcode-post-title a:hover {color: #65bc7b;}<\/style><div class=\"fusion-fullwidth fullwidth-box fusion-builder-row-4 nonhundred-percent-fullwidth non-hundred-percent-height-scrolling\"  style='background-color: rgba(255,255,255,0);background-position: center center;background-repeat: no-repeat;padding-top:0px;padding-right:0px;padding-bottom:0px;padding-left:0px;'><div class=\"fusion-builder-row fusion-row \"><div  class=\"fusion-layout-column fusion_builder_column fusion_builder_column_1_1 fusion-builder-column-6 fusion-one-full fusion-column-first fusion-column-last 1_1\"  style='margin-top:0px;margin-bottom:20px;'><div class=\"fusion-column-wrapper\" style=\"padding: 0px 0px 0px 0px;background-position:left top;background-repeat:no-repeat;-webkit-background-size:cover;-moz-background-size:cover;-o-background-size:cover;background-size:cover;\"   data-bg-url=\"\"><style type=\"text\/css\">@media only screen and (max-width:800px) {.fusion-title.fusion-title-6{margin-top:10px!important;margin-bottom:10px!important;}}<\/style><div class=\"fusion-title title fusion-title-6 fusion-sep-none fusion-title-center fusion-title-text fusion-title-size-one\" style=\"margin-top:10px;margin-bottom:15px;\"><h1 class=\"title-heading-center\" style=\"margin:0;color:#6ba85e;\">GLOSSARY<\/h1><\/div><div class=\"fusion-sep-clear\"><\/div><div class=\"fusion-separator fusion-full-width-sep sep-single sep-solid\" style=\"border-color:#6ba85e;border-top-width:5px;margin-left: auto;margin-right: auto;margin-top:;\"><\/div><div class=\"fusion-sep-clear\"><\/div><div class=\"fusion-separator fusion-full-width-sep sep-single\" style=\"border-color:#ffffff;border-top-width:1px;margin-left: auto;margin-right: auto;margin-top:;\"><\/div><div class=\"fusion-sep-clear\"><\/div><div class=\"fusion-separator fusion-full-width-sep sep-single\" style=\"border-color:#ffffff;border-top-width:1px;margin-left: auto;margin-right: auto;margin-top:;\"><\/div><div class=\"fusion-sep-clear\"><\/div><div class=\"fusion-separator fusion-full-width-sep sep-single\" style=\"border-color:#ffffff;border-top-width:1px;margin-left: auto;margin-right: auto;margin-top:;\"><\/div><div class=\"fusion-sep-clear\"><\/div><div class=\"fusion-separator fusion-full-width-sep sep-single\" style=\"border-color:#ffffff;border-top-width:1px;margin-left: auto;margin-right: auto;margin-top:;\"><\/div><div class=\"fusion-text\"><p>ACTIVISM<\/p>\n<p>ASSOCIATION<\/p>\n<p>NEIGHBORHOOD<\/p>\n<p>CAPITALISM<\/p>\n<p>SOCIAL CLASS<\/p>\n<p>COLLECTIVE<\/p>\n<p>FEMINISM<\/p>\n<p>GARDEN<\/p>\n<p>NATURE<\/p>\n<p>PLANET EARTH<\/p>\n<p>RESISTANCE<\/p>\n<p>NEIGHBORHOOD TISSUE<\/p>\n<\/div><div class=\"fusion-clearfix\"><\/div><\/div><\/div><div  class=\"fusion-layout-column fusion_builder_column fusion_builder_column_1_1 fusion-builder-column-7 fusion-one-full fusion-column-first fusion-column-last 1_1\"  style='margin-top:0px;margin-bottom:20px;'><div class=\"fusion-column-wrapper\" style=\"padding: 0px 0px 0px 0px;background-position:left top;background-repeat:no-repeat;-webkit-background-size:cover;-moz-background-size:cover;-o-background-size:cover;background-size:cover;\"   data-bg-url=\"\"><div class=\"fusion-button-wrapper\"><style type=\"text\/css\">.fusion-button.button-2 .fusion-button-text, .fusion-button.button-2 i {color:#ffffff;}.fusion-button.button-2 .fusion-button-icon-divider{border-color:#ffffff;}.fusion-button.button-2:hover .fusion-button-text, .fusion-button.button-2:hover i,.fusion-button.button-2:focus .fusion-button-text, .fusion-button.button-2:focus i,.fusion-button.button-2:active .fusion-button-text, .fusion-button.button-2:active{color:#ffffff;}.fusion-button.button-2:hover .fusion-button-icon-divider, .fusion-button.button-2:hover .fusion-button-icon-divider, .fusion-button.button-2:active .fusion-button-icon-divider{border-color:#ffffff;}.fusion-button.button-2:hover, .fusion-button.button-2:focus, .fusion-button.button-2:active{border-color:#ffffff;border-width:0px;}.fusion-button.button-2 {border-color:#ffffff;border-width:0px;border-radius:10px;}.fusion-button.button-2{background: #6ba85e;}.fusion-button.button-2:hover,.button-2:focus,.fusion-button.button-2:active{background: #6ba85e;}.fusion-button.button-2 .fusion-button-text {text-transform:uppercase;}<\/style><a class=\"fusion-button button-flat button-xlarge button-custom button-2 fusion-button-default-span fusion-button-default-type\" target=\"_self\" href=\"javascript:history.back()\" id=\"volver\"><i class=\"fa-arrow-left fas button-icon-left\"><\/i><span class=\"fusion-button-text\"><\/span><\/a><\/div><div class=\"fusion-clearfix\"><\/div><\/div><\/div><\/div><\/div><style type=\"text\/css\">.fusion-fullwidth.fusion-builder-row-4 a:not(.fusion-button):not(.fusion-builder-module-control):not(.fusion-social-network-icon):not(.fb-icon-element):not(.fusion-countdown-link):not(.fusion-rollover-link):not(.fusion-rollover-gallery):not(.fusion-button-bar):not(.add_to_cart_button):not(.show_details_button):not(.product_type_external):not(.fusion-quick-view):not(.fusion-rollover-title-link):not(.fusion-breadcrumb-link):hover, .fusion-fullwidth.fusion-builder-row-4 a:not(.fusion-button):not(.fusion-builder-module-control):not(.fusion-social-network-icon):not(.fb-icon-element):not(.fusion-countdown-link):not(.fusion-rollover-link):not(.fusion-rollover-gallery):not(.fusion-button-bar):not(.add_to_cart_button):not(.show_details_button):not(.product_type_external):not(.fusion-quick-view):not(.fusion-rollover-title-link):not(.fusion-breadcrumb-link):hover:before, .fusion-fullwidth.fusion-builder-row-4 a:not(.fusion-button):not(.fusion-builder-module-control):not(.fusion-social-network-icon):not(.fb-icon-element):not(.fusion-countdown-link):not(.fusion-rollover-link):not(.fusion-rollover-gallery):not(.fusion-button-bar):not(.add_to_cart_button):not(.show_details_button):not(.product_type_external):not(.fusion-quick-view):not(.fusion-rollover-title-link):not(.fusion-breadcrumb-link):hover:after {color: #65bc7b;}.fusion-fullwidth.fusion-builder-row-4 .pagination a.inactive:hover, .fusion-fullwidth.fusion-builder-row-4 .fusion-filters .fusion-filter.fusion-active a {border-color: #65bc7b;}.fusion-fullwidth.fusion-builder-row-4 .pagination .current {border-color: #65bc7b; background-color: #65bc7b;}.fusion-fullwidth.fusion-builder-row-4 .fusion-filters .fusion-filter.fusion-active a, .fusion-fullwidth.fusion-builder-row-4 .fusion-date-and-formats .fusion-format-box, .fusion-fullwidth.fusion-builder-row-4 .fusion-popover, .fusion-fullwidth.fusion-builder-row-4 .tooltip-shortcode {color: #65bc7b;}#main .fusion-fullwidth.fusion-builder-row-4 .post .blog-shortcode-post-title a:hover {color: #65bc7b;}<\/style><\/p>","protected":false},"excerpt":{"rendered":"","protected":false},"author":55674,"featured_media":0,"parent":53,"menu_order":0,"comment_status":"closed","ping_status":"closed","template":"template-fullwidth.php","meta":{"footnotes":""},"class_list":["post-1662","page","type-page","status-publish","hentry","post-preview"],"_links":{"self":[{"href":"https:\/\/pandemiccommunity.blogs.upv.es\/en\/wp-json\/wp\/v2\/pages\/1662","targetHints":{"allow":["GET"]}}],"collection":[{"href":"https:\/\/pandemiccommunity.blogs.upv.es\/en\/wp-json\/wp\/v2\/pages"}],"about":[{"href":"https:\/\/pandemiccommunity.blogs.upv.es\/en\/wp-json\/wp\/v2\/types\/page"}],"author":[{"embeddable":true,"href":"https:\/\/pandemiccommunity.blogs.upv.es\/en\/wp-json\/wp\/v2\/users\/55674"}],"replies":[{"embeddable":true,"href":"https:\/\/pandemiccommunity.blogs.upv.es\/en\/wp-json\/wp\/v2\/comments?post=1662"}],"version-history":[{"count":2,"href":"https:\/\/pandemiccommunity.blogs.upv.es\/en\/wp-json\/wp\/v2\/pages\/1662\/revisions"}],"predecessor-version":[{"id":2822,"href":"https:\/\/pandemiccommunity.blogs.upv.es\/en\/wp-json\/wp\/v2\/pages\/1662\/revisions\/2822"}],"up":[{"embeddable":true,"href":"https:\/\/pandemiccommunity.blogs.upv.es\/en\/wp-json\/wp\/v2\/pages\/53"}],"wp:attachment":[{"href":"https:\/\/pandemiccommunity.blogs.upv.es\/en\/wp-json\/wp\/v2\/media?parent=1662"}],"curies":[{"name":"wp","href":"https:\/\/api.w.org\/{rel}","templated":true}]}}