{"id":1514,"date":"2022-06-14T12:25:49","date_gmt":"2022-06-14T10:25:49","guid":{"rendered":"https:\/\/pandemiccommunity.blogs.upv.es\/?page_id=1514"},"modified":"2023-01-05T19:53:04","modified_gmt":"2023-01-05T18:53:04","slug":"sin-orden","status":"publish","type":"page","link":"https:\/\/pandemiccommunity.blogs.upv.es\/en\/exposicion-2\/mapas\/sin-orden\/","title":{"rendered":"No Order"},"content":{"rendered":"<p><div class=\"fusion-fullwidth fullwidth-box fusion-builder-row-3 nonhundred-percent-fullwidth non-hundred-percent-height-scrolling\"  style='background-color: rgba(255,255,255,0);background-position: center center;background-repeat: no-repeat;padding-top:0px;padding-right:0px;padding-bottom:0px;padding-left:0px;'><div class=\"fusion-builder-row fusion-row \"><div  class=\"fusion-layout-column fusion_builder_column fusion_builder_column_1_2 fusion-builder-column-4 fusion-one-half fusion-column-first 1_2\"  style='margin-top:0px;margin-bottom:20px;width:50%;width:calc(50% - ( ( 4% ) * 0.5 ) );margin-right: 4%;'><div class=\"fusion-column-wrapper\" style=\"padding: 0px 0px 0px 0px;background-position:left top;background-repeat:no-repeat;-webkit-background-size:cover;-moz-background-size:cover;-o-background-size:cover;background-size:cover;\"   data-bg-url=\"\"><style type=\"text\/css\">.fusion-gallery-2 .fusion-gallery-image {border:0px solid #e2e2e2;}<\/style><div class=\"fusion-gallery fusion-gallery-container fusion-grid-2 fusion-columns-total-0 fusion-gallery-layout-grid fusion-gallery-2\" style=\"margin:-15px;\"><div style=\"padding:15px;\" class=\"fusion-grid-column fusion-gallery-column fusion-gallery-column-2\"><div class=\"fusion-gallery-image fusion-gallery-image-liftup\"><a href=\"https:\/\/pandemiccommunity.blogs.upv.es\/wp-content\/uploads\/2022\/06\/Foto-Instalacion-SIN-ORDEN.jpg\" rel=\"noreferrer\" data-rel=\"iLightbox[gallery_image_2]\" class=\"fusion-lightbox\" target=\"_self\"><img loading=\"lazy\" decoding=\"async\" src=\"https:\/\/pandemiccommunity.blogs.upv.es\/wp-content\/uploads\/2022\/06\/Foto-Instalacion-SIN-ORDEN.jpg\" width=\"1600\" height=\"821\" alt=\"\" title=\"Foto-Instalaci\u00f3n-SIN ORDEN\" aria-label=\"Foto-Instalaci\u00f3n-SIN ORDEN\" class=\"img-responsive wp-image-1509\" srcset=\"https:\/\/pandemiccommunity.blogs.upv.es\/wp-content\/uploads\/2022\/06\/Foto-Instalacion-SIN-ORDEN-300x154.jpg 300w, https:\/\/pandemiccommunity.blogs.upv.es\/wp-content\/uploads\/2022\/06\/Foto-Instalacion-SIN-ORDEN-676x347.jpg 676w, https:\/\/pandemiccommunity.blogs.upv.es\/wp-content\/uploads\/2022\/06\/Foto-Instalacion-SIN-ORDEN-768x394.jpg 768w, https:\/\/pandemiccommunity.blogs.upv.es\/wp-content\/uploads\/2022\/06\/Foto-Instalacion-SIN-ORDEN-1024x525.jpg 1024w, https:\/\/pandemiccommunity.blogs.upv.es\/wp-content\/uploads\/2022\/06\/Foto-Instalacion-SIN-ORDEN-1536x788.jpg 1536w, https:\/\/pandemiccommunity.blogs.upv.es\/wp-content\/uploads\/2022\/06\/Foto-Instalacion-SIN-ORDEN.jpg 1600w\" sizes=\"auto, (max-width: 1600px) 100vw, 1600px\" \/><\/a><\/div><\/div><div style=\"padding:15px;\" class=\"fusion-grid-column fusion-gallery-column fusion-gallery-column-2\"><div class=\"fusion-gallery-image fusion-gallery-image-liftup\"><a href=\"https:\/\/pandemiccommunity.blogs.upv.es\/wp-content\/uploads\/2022\/06\/DSC_0019-2-scaled.jpg\" rel=\"noreferrer\" data-rel=\"iLightbox[gallery_image_2]\" class=\"fusion-lightbox\" target=\"_self\"><img loading=\"lazy\" decoding=\"async\" src=\"https:\/\/pandemiccommunity.blogs.upv.es\/wp-content\/uploads\/2022\/06\/DSC_0019-2-scaled.jpg\" width=\"1868\" height=\"2560\" alt=\"\" title=\"DSC_0019 (2)\" aria-label=\"DSC_0019 (2)\" class=\"img-responsive wp-image-1508\" srcset=\"https:\/\/pandemiccommunity.blogs.upv.es\/wp-content\/uploads\/2022\/06\/DSC_0019-2-219x300.jpg 219w, https:\/\/pandemiccommunity.blogs.upv.es\/wp-content\/uploads\/2022\/06\/DSC_0019-2-676x927.jpg 676w, https:\/\/pandemiccommunity.blogs.upv.es\/wp-content\/uploads\/2022\/06\/DSC_0019-2-747x1024.jpg 747w, https:\/\/pandemiccommunity.blogs.upv.es\/wp-content\/uploads\/2022\/06\/DSC_0019-2-768x1053.jpg 768w, https:\/\/pandemiccommunity.blogs.upv.es\/wp-content\/uploads\/2022\/06\/DSC_0019-2-1121x1536.jpg 1121w, https:\/\/pandemiccommunity.blogs.upv.es\/wp-content\/uploads\/2022\/06\/DSC_0019-2-1494x2048.jpg 1494w, https:\/\/pandemiccommunity.blogs.upv.es\/wp-content\/uploads\/2022\/06\/DSC_0019-2-scaled.jpg 1868w\" sizes=\"auto, (max-width: 1868px) 100vw, 1868px\" \/><\/a><\/div><\/div><div class=\"clearfix\"><\/div><div style=\"padding:15px;\" class=\"fusion-grid-column fusion-gallery-column fusion-gallery-column-2\"><div class=\"fusion-gallery-image fusion-gallery-image-liftup\"><a href=\"https:\/\/pandemiccommunity.blogs.upv.es\/wp-content\/uploads\/2022\/06\/341331_3041242666719_890632741_o.jpg\" rel=\"noreferrer\" data-rel=\"iLightbox[gallery_image_2]\" class=\"fusion-lightbox\" target=\"_self\"><img loading=\"lazy\" decoding=\"async\" src=\"https:\/\/pandemiccommunity.blogs.upv.es\/wp-content\/uploads\/2022\/06\/341331_3041242666719_890632741_o.jpg\" width=\"2048\" height=\"1536\" alt=\"\" title=\"341331_3041242666719_890632741_o\" aria-label=\"341331_3041242666719_890632741_o\" class=\"img-responsive wp-image-1507\" srcset=\"https:\/\/pandemiccommunity.blogs.upv.es\/wp-content\/uploads\/2022\/06\/341331_3041242666719_890632741_o-300x225.jpg 300w, https:\/\/pandemiccommunity.blogs.upv.es\/wp-content\/uploads\/2022\/06\/341331_3041242666719_890632741_o-676x507.jpg 676w, https:\/\/pandemiccommunity.blogs.upv.es\/wp-content\/uploads\/2022\/06\/341331_3041242666719_890632741_o-768x576.jpg 768w, https:\/\/pandemiccommunity.blogs.upv.es\/wp-content\/uploads\/2022\/06\/341331_3041242666719_890632741_o-1024x768.jpg 1024w, https:\/\/pandemiccommunity.blogs.upv.es\/wp-content\/uploads\/2022\/06\/341331_3041242666719_890632741_o-1536x1152.jpg 1536w, https:\/\/pandemiccommunity.blogs.upv.es\/wp-content\/uploads\/2022\/06\/341331_3041242666719_890632741_o.jpg 2048w\" sizes=\"auto, (max-width: 2048px) 100vw, 2048px\" \/><\/a><\/div><\/div><div style=\"padding:15px;\" class=\"fusion-grid-column fusion-gallery-column fusion-gallery-column-2\"><div class=\"fusion-gallery-image fusion-gallery-image-liftup\"><a href=\"https:\/\/pandemiccommunity.blogs.upv.es\/wp-content\/uploads\/2022\/06\/DSC8101-4.jpg\" rel=\"noreferrer\" data-rel=\"iLightbox[gallery_image_2]\" class=\"fusion-lightbox\" target=\"_self\"><img loading=\"lazy\" decoding=\"async\" src=\"https:\/\/pandemiccommunity.blogs.upv.es\/wp-content\/uploads\/2022\/06\/DSC8101-4.jpg\" width=\"992\" height=\"1450\" alt=\"\" title=\"_DSC8101 (4)\" aria-label=\"_DSC8101 (4)\" class=\"img-responsive wp-image-1506\" srcset=\"https:\/\/pandemiccommunity.blogs.upv.es\/wp-content\/uploads\/2022\/06\/DSC8101-4-205x300.jpg 205w, https:\/\/pandemiccommunity.blogs.upv.es\/wp-content\/uploads\/2022\/06\/DSC8101-4-676x988.jpg 676w, https:\/\/pandemiccommunity.blogs.upv.es\/wp-content\/uploads\/2022\/06\/DSC8101-4-701x1024.jpg 701w, https:\/\/pandemiccommunity.blogs.upv.es\/wp-content\/uploads\/2022\/06\/DSC8101-4-768x1123.jpg 768w, https:\/\/pandemiccommunity.blogs.upv.es\/wp-content\/uploads\/2022\/06\/DSC8101-4.jpg 992w\" sizes=\"auto, (max-width: 992px) 100vw, 992px\" \/><\/a><\/div><\/div><div class=\"clearfix\"><\/div><div style=\"padding:15px;\" class=\"fusion-grid-column fusion-gallery-column fusion-gallery-column-2\"><div class=\"fusion-gallery-image fusion-gallery-image-liftup\"><a href=\"https:\/\/pandemiccommunity.blogs.upv.es\/wp-content\/uploads\/2022\/06\/DSC8100-7.jpg\" rel=\"noreferrer\" data-rel=\"iLightbox[gallery_image_2]\" class=\"fusion-lightbox\" target=\"_self\"><img loading=\"lazy\" decoding=\"async\" src=\"https:\/\/pandemiccommunity.blogs.upv.es\/wp-content\/uploads\/2022\/06\/DSC8100-7.jpg\" width=\"997\" height=\"1419\" alt=\"\" title=\"_DSC8100 (7)\" aria-label=\"_DSC8100 (7)\" class=\"img-responsive wp-image-1505\" srcset=\"https:\/\/pandemiccommunity.blogs.upv.es\/wp-content\/uploads\/2022\/06\/DSC8100-7-211x300.jpg 211w, https:\/\/pandemiccommunity.blogs.upv.es\/wp-content\/uploads\/2022\/06\/DSC8100-7-676x962.jpg 676w, https:\/\/pandemiccommunity.blogs.upv.es\/wp-content\/uploads\/2022\/06\/DSC8100-7-719x1024.jpg 719w, https:\/\/pandemiccommunity.blogs.upv.es\/wp-content\/uploads\/2022\/06\/DSC8100-7-768x1093.jpg 768w, https:\/\/pandemiccommunity.blogs.upv.es\/wp-content\/uploads\/2022\/06\/DSC8100-7.jpg 997w\" sizes=\"auto, (max-width: 997px) 100vw, 997px\" \/><\/a><\/div><\/div><div style=\"padding:15px;\" class=\"fusion-grid-column fusion-gallery-column fusion-gallery-column-2\"><div class=\"fusion-gallery-image fusion-gallery-image-liftup\"><a href=\"https:\/\/pandemiccommunity.blogs.upv.es\/wp-content\/uploads\/2022\/06\/DSC8099-4.jpg\" rel=\"noreferrer\" data-rel=\"iLightbox[gallery_image_2]\" class=\"fusion-lightbox\" target=\"_self\"><img loading=\"lazy\" decoding=\"async\" src=\"https:\/\/pandemiccommunity.blogs.upv.es\/wp-content\/uploads\/2022\/06\/DSC8099-4.jpg\" width=\"1123\" height=\"1620\" alt=\"\" title=\"_DSC8099 (4)\" aria-label=\"_DSC8099 (4)\" class=\"img-responsive wp-image-1504\" srcset=\"https:\/\/pandemiccommunity.blogs.upv.es\/wp-content\/uploads\/2022\/06\/DSC8099-4-208x300.jpg 208w, https:\/\/pandemiccommunity.blogs.upv.es\/wp-content\/uploads\/2022\/06\/DSC8099-4-676x975.jpg 676w, https:\/\/pandemiccommunity.blogs.upv.es\/wp-content\/uploads\/2022\/06\/DSC8099-4-710x1024.jpg 710w, https:\/\/pandemiccommunity.blogs.upv.es\/wp-content\/uploads\/2022\/06\/DSC8099-4-768x1108.jpg 768w, https:\/\/pandemiccommunity.blogs.upv.es\/wp-content\/uploads\/2022\/06\/DSC8099-4-1065x1536.jpg 1065w, https:\/\/pandemiccommunity.blogs.upv.es\/wp-content\/uploads\/2022\/06\/DSC8099-4.jpg 1123w\" sizes=\"auto, (max-width: 1123px) 100vw, 1123px\" \/><\/a><\/div><\/div><div class=\"clearfix\"><\/div><div style=\"padding:15px;\" class=\"fusion-grid-column fusion-gallery-column fusion-gallery-column-2\"><div class=\"fusion-gallery-image fusion-gallery-image-liftup\"><a href=\"https:\/\/pandemiccommunity.blogs.upv.es\/wp-content\/uploads\/2022\/06\/DSC8098-3.jpg\" rel=\"noreferrer\" data-rel=\"iLightbox[gallery_image_2]\" class=\"fusion-lightbox\" target=\"_self\"><img loading=\"lazy\" decoding=\"async\" src=\"https:\/\/pandemiccommunity.blogs.upv.es\/wp-content\/uploads\/2022\/06\/DSC8098-3.jpg\" width=\"1076\" height=\"1611\" alt=\"\" title=\"_DSC8098 (3)\" aria-label=\"_DSC8098 (3)\" class=\"img-responsive wp-image-1503\" srcset=\"https:\/\/pandemiccommunity.blogs.upv.es\/wp-content\/uploads\/2022\/06\/DSC8098-3-200x300.jpg 200w, https:\/\/pandemiccommunity.blogs.upv.es\/wp-content\/uploads\/2022\/06\/DSC8098-3.jpg 1076w\" sizes=\"auto, (min-width: 2200px) 100vw, (min-width: 672px) 578px, (min-width: 640px) 672px, \" \/><\/a><\/div><\/div><div style=\"padding:15px;\" class=\"fusion-grid-column fusion-gallery-column fusion-gallery-column-2\"><div class=\"fusion-gallery-image fusion-gallery-image-liftup\"><a href=\"https:\/\/pandemiccommunity.blogs.upv.es\/wp-content\/uploads\/2022\/06\/DSC8097.jpg\" rel=\"noreferrer\" data-rel=\"iLightbox[gallery_image_2]\" class=\"fusion-lightbox\" target=\"_self\"><img loading=\"lazy\" decoding=\"async\" src=\"https:\/\/pandemiccommunity.blogs.upv.es\/wp-content\/uploads\/2022\/06\/DSC8097.jpg\" width=\"2086\" height=\"2373\" alt=\"\" title=\"_DSC8097\" aria-label=\"_DSC8097\" class=\"img-responsive wp-image-1502\" srcset=\"https:\/\/pandemiccommunity.blogs.upv.es\/wp-content\/uploads\/2022\/06\/DSC8097-264x300.jpg 264w, https:\/\/pandemiccommunity.blogs.upv.es\/wp-content\/uploads\/2022\/06\/DSC8097-676x769.jpg 676w, https:\/\/pandemiccommunity.blogs.upv.es\/wp-content\/uploads\/2022\/06\/DSC8097-768x874.jpg 768w, https:\/\/pandemiccommunity.blogs.upv.es\/wp-content\/uploads\/2022\/06\/DSC8097-900x1024.jpg 900w, https:\/\/pandemiccommunity.blogs.upv.es\/wp-content\/uploads\/2022\/06\/DSC8097-1350x1536.jpg 1350w, https:\/\/pandemiccommunity.blogs.upv.es\/wp-content\/uploads\/2022\/06\/DSC8097-1800x2048.jpg 1800w, https:\/\/pandemiccommunity.blogs.upv.es\/wp-content\/uploads\/2022\/06\/DSC8097.jpg 2086w\" sizes=\"auto, (max-width: 2086px) 100vw, 2086px\" \/><\/a><\/div><\/div><div class=\"clearfix\"><\/div><\/div><div class=\"fusion-clearfix\"><\/div><\/div><\/div><div  class=\"fusion-layout-column fusion_builder_column fusion_builder_column_1_2 fusion-builder-column-5 fusion-one-half fusion-column-last 1_2\"  style='margin-top:0px;margin-bottom:20px;width:50%;width:calc(50% - ( ( 4% ) * 0.5 ) );'><div class=\"fusion-column-wrapper\" style=\"padding: 0px 0px 0px 0px;background-position:left top;background-repeat:no-repeat;-webkit-background-size:cover;-moz-background-size:cover;-o-background-size:cover;background-size:cover;\"   data-bg-url=\"\"><style type=\"text\/css\">@media only screen and (max-width:800px) {.fusion-title.fusion-title-4{margin-top:10px!important;margin-bottom:10px!important;}}<\/style><div class=\"fusion-title title fusion-title-4 fusion-sep-none fusion-title-text fusion-title-size-one\" style=\"margin-top:10px;margin-bottom:15px;\"><h1 class=\"title-heading-left\" style=\"margin:0;\">NO ORDER<\/h1><\/div><style type=\"text\/css\">@media only screen and (max-width:800px) {.fusion-title.fusion-title-5{margin-top:10px!important;margin-bottom:10px!important;}}<\/style><div class=\"fusion-title title fusion-title-5 fusion-sep-none fusion-title-text fusion-title-size-six\" style=\"margin-top:10px;margin-bottom:15px;\"><h6 class=\"title-heading-left\" style=\"margin:0;\"><a href=\"https:\/\/pandemiccommunity.blogs.upv.es\/artistas\/salome-rodriguez-gonzalez\/\" target=\"_blank\" rel=\"noopener\">Salom\u00e9 Rodr\u00edguez Gonz\u00e1lez<\/a> (Guest Artist)<\/h6><\/div><div class=\"fusion-sep-clear\"><\/div><div class=\"fusion-separator fusion-full-width-sep sep-single sep-solid\" style=\"border-color:#6ba85e;border-top-width:5px;margin-left: auto;margin-right: auto;margin-top:;\"><\/div><div class=\"fusion-sep-clear\"><\/div><div class=\"fusion-separator fusion-full-width-sep sep-single\" style=\"border-color:#ffffff;border-top-width:1px;margin-left: auto;margin-right: auto;margin-top:;\"><\/div><div class=\"fusion-sep-clear\"><\/div><div class=\"fusion-separator fusion-full-width-sep sep-single\" style=\"border-color:#ffffff;border-top-width:1px;margin-left: auto;margin-right: auto;margin-top:;\"><\/div><div class=\"fusion-sep-clear\"><\/div><div class=\"fusion-separator fusion-full-width-sep sep-single\" style=\"border-color:#ffffff;border-top-width:1px;margin-left: auto;margin-right: auto;margin-top:;\"><\/div><div class=\"fusion-text\"><p><em>analog photos<\/em><\/p>\n<\/div><div class=\"fusion-text\"><p><span style=\"font-weight: 400\">The world from covid-19, changed our ways of relating and perceiving ourselves in it, and the evidence of this more than perceptual was media. From the new technologies the truth has become more a reflection on it than an evidence to the naked eye, the world since they did not share it as an image (that of the map for example) has been and continues to be a fiction, but its content us all not.<\/span> <span style=\"font-weight: 400\">Our oldest narratives give us reason for this, we have always been narrating the world and always our themes are the same, us, our environment and our things, today as it was yesterday and in the encounter of cultures we recognize our diversities that bring us together in the mythical approach of narrating the world; time o and popol vuh tell us two stories, two ways of perceiving the origin of the world and how today these differences enrich our perception of it by confronting the fiction of a world in reverse. And all seen from the window.<\/span><\/p>\n<p><span style=\"font-weight: 400\">It is an installation composed of four analog photos taken on a trail of a socially vulnerable area in the city of Cali-Colombia, with a home development in the 90s, the photos intervened with texts of the Popol vuh and the Timeo, as a collage and installed on the world map upside down. This map backwards is my guiding thread of my fiction in the dialogical relationship between two worlds I create another fiction with objects that nobody wants in a post-covid world one after one fiction after another fiction.<\/span><\/p>\n<\/div><div class=\"fusion-clearfix\"><\/div><\/div><\/div><\/div><\/div><style type=\"text\/css\">.fusion-fullwidth.fusion-builder-row-3 a:not(.fusion-button):not(.fusion-builder-module-control):not(.fusion-social-network-icon):not(.fb-icon-element):not(.fusion-countdown-link):not(.fusion-rollover-link):not(.fusion-rollover-gallery):not(.fusion-button-bar):not(.add_to_cart_button):not(.show_details_button):not(.product_type_external):not(.fusion-quick-view):not(.fusion-rollover-title-link):not(.fusion-breadcrumb-link):hover, .fusion-fullwidth.fusion-builder-row-3 a:not(.fusion-button):not(.fusion-builder-module-control):not(.fusion-social-network-icon):not(.fb-icon-element):not(.fusion-countdown-link):not(.fusion-rollover-link):not(.fusion-rollover-gallery):not(.fusion-button-bar):not(.add_to_cart_button):not(.show_details_button):not(.product_type_external):not(.fusion-quick-view):not(.fusion-rollover-title-link):not(.fusion-breadcrumb-link):hover:before, .fusion-fullwidth.fusion-builder-row-3 a:not(.fusion-button):not(.fusion-builder-module-control):not(.fusion-social-network-icon):not(.fb-icon-element):not(.fusion-countdown-link):not(.fusion-rollover-link):not(.fusion-rollover-gallery):not(.fusion-button-bar):not(.add_to_cart_button):not(.show_details_button):not(.product_type_external):not(.fusion-quick-view):not(.fusion-rollover-title-link):not(.fusion-breadcrumb-link):hover:after {color: #65bc7b;}.fusion-fullwidth.fusion-builder-row-3 .pagination a.inactive:hover, .fusion-fullwidth.fusion-builder-row-3 .fusion-filters .fusion-filter.fusion-active a {border-color: #65bc7b;}.fusion-fullwidth.fusion-builder-row-3 .pagination .current {border-color: #65bc7b; background-color: #65bc7b;}.fusion-fullwidth.fusion-builder-row-3 .fusion-filters .fusion-filter.fusion-active a, .fusion-fullwidth.fusion-builder-row-3 .fusion-date-and-formats .fusion-format-box, .fusion-fullwidth.fusion-builder-row-3 .fusion-popover, .fusion-fullwidth.fusion-builder-row-3 .tooltip-shortcode {color: #65bc7b;}#main .fusion-fullwidth.fusion-builder-row-3 .post .blog-shortcode-post-title a:hover {color: #65bc7b;}<\/style><div class=\"fusion-fullwidth fullwidth-box fusion-builder-row-4 nonhundred-percent-fullwidth non-hundred-percent-height-scrolling\"  style='background-color: rgba(255,255,255,0);background-position: center center;background-repeat: no-repeat;padding-top:0px;padding-right:0px;padding-bottom:0px;padding-left:0px;'><div class=\"fusion-builder-row fusion-row \"><div  class=\"fusion-layout-column fusion_builder_column fusion_builder_column_1_1 fusion-builder-column-6 fusion-one-full fusion-column-first fusion-column-last 1_1\"  style='margin-top:0px;margin-bottom:20px;'><div class=\"fusion-column-wrapper\" style=\"padding: 0px 0px 0px 0px;background-position:left top;background-repeat:no-repeat;-webkit-background-size:cover;-moz-background-size:cover;-o-background-size:cover;background-size:cover;\"   data-bg-url=\"\"><style type=\"text\/css\">@media only screen and (max-width:800px) {.fusion-title.fusion-title-6{margin-top:10px!important;margin-bottom:10px!important;}}<\/style><div class=\"fusion-title title fusion-title-6 fusion-sep-none fusion-title-center fusion-title-text fusion-title-size-one\" style=\"margin-top:10px;margin-bottom:15px;\"><h1 class=\"title-heading-center\" style=\"margin:0;color:#6ba85e;\">GLOSSARY<\/h1><\/div><div class=\"fusion-sep-clear\"><\/div><div class=\"fusion-separator fusion-full-width-sep sep-single sep-solid\" style=\"border-color:#6ba85e;border-top-width:5px;margin-left: auto;margin-right: auto;margin-top:;\"><\/div><div class=\"fusion-sep-clear\"><\/div><div class=\"fusion-separator fusion-full-width-sep sep-single\" style=\"border-color:#ffffff;border-top-width:1px;margin-left: auto;margin-right: auto;margin-top:;\"><\/div><div class=\"fusion-sep-clear\"><\/div><div class=\"fusion-separator fusion-full-width-sep sep-single\" style=\"border-color:#ffffff;border-top-width:1px;margin-left: auto;margin-right: auto;margin-top:;\"><\/div><div class=\"fusion-sep-clear\"><\/div><div class=\"fusion-separator fusion-full-width-sep sep-single\" style=\"border-color:#ffffff;border-top-width:1px;margin-left: auto;margin-right: auto;margin-top:;\"><\/div><div class=\"fusion-text\"><p><a href=\"https:\/\/pandemiccommunity.blogs.upv.es\/glosario\/#capitalism\" target=\"_blank\" rel=\"noopener\">CAPITALISM<\/a><\/p>\n<p><a href=\"https:\/\/pandemiccommunity.blogs.upv.es\/glosario\/#social-class\" target=\"_blank\" rel=\"noopener\">SOCIAL CLASES\u00a0<\/a><\/p>\n<p><a href=\"https:\/\/pandemiccommunity.blogs.upv.es\/glosario\/#community\" target=\"_blank\" rel=\"noopener\">COMMUNITY<\/a><\/p>\n<p><a href=\"https:\/\/pandemiccommunity.blogs.upv.es\/glosario\/#inequality\" target=\"_blank\" rel=\"noopener\">INEQUALITY<\/a><\/p>\n<p><a href=\"https:\/\/pandemiccommunity.blogs.upv.es\/glosario\/#geolocalization\" target=\"_blank\" rel=\"noopener\">GEOLOCALIZATION<\/a><\/p>\n<p><a href=\"https:\/\/pandemiccommunity.blogs.upv.es\/glosario\/#imaginary\">IMAGINARY<\/a><\/p>\n<p><a href=\"https:\/\/pandemiccommunity.blogs.upv.es\/glosario\/#map\" target=\"_blank\" rel=\"noopener\">MAP<\/a><\/p>\n<p><a href=\"https:\/\/pandemiccommunity.blogs.upv.es\/glosario\/#planet\" target=\"_blank\" rel=\"noopener\">PLANET<\/a><\/p>\n<p><a href=\"https:\/\/pandemiccommunity.blogs.upv.es\/glosario\/#resistance\" target=\"_blank\" rel=\"noopener\">RESISTANCE<\/a><\/p>\n<p><a href=\"https:\/\/pandemiccommunity.blogs.upv.es\/glosario\/#earth\" target=\"_blank\" rel=\"noopener\">EARTH<\/a><\/p>\n<\/div><div class=\"fusion-clearfix\"><\/div><\/div><\/div><div  class=\"fusion-layout-column fusion_builder_column fusion_builder_column_1_1 fusion-builder-column-7 fusion-one-full fusion-column-first fusion-column-last 1_1\"  style='margin-top:0px;margin-bottom:20px;'><div class=\"fusion-column-wrapper\" style=\"padding: 0px 0px 0px 0px;background-position:left top;background-repeat:no-repeat;-webkit-background-size:cover;-moz-background-size:cover;-o-background-size:cover;background-size:cover;\"   data-bg-url=\"\"><div class=\"fusion-button-wrapper\"><style type=\"text\/css\">.fusion-button.button-2 .fusion-button-text, .fusion-button.button-2 i {color:#ffffff;}.fusion-button.button-2 .fusion-button-icon-divider{border-color:#ffffff;}.fusion-button.button-2:hover .fusion-button-text, .fusion-button.button-2:hover i,.fusion-button.button-2:focus .fusion-button-text, .fusion-button.button-2:focus i,.fusion-button.button-2:active .fusion-button-text, .fusion-button.button-2:active{color:#ffffff;}.fusion-button.button-2:hover .fusion-button-icon-divider, .fusion-button.button-2:hover .fusion-button-icon-divider, .fusion-button.button-2:active .fusion-button-icon-divider{border-color:#ffffff;}.fusion-button.button-2:hover, .fusion-button.button-2:focus, .fusion-button.button-2:active{border-color:#ffffff;border-width:0px;}.fusion-button.button-2 {border-color:#ffffff;border-width:0px;border-radius:10px;}.fusion-button.button-2{background: #6ba85e;}.fusion-button.button-2:hover,.button-2:focus,.fusion-button.button-2:active{background: #6ba85e;}.fusion-button.button-2 .fusion-button-text {text-transform:uppercase;}<\/style><a class=\"fusion-button button-flat button-xlarge button-custom button-2 fusion-button-default-span fusion-button-default-type\" target=\"_self\" href=\"javascript:history.back()\" id=\"volver\"><i class=\"fa-arrow-left fas button-icon-left\"><\/i><span class=\"fusion-button-text\"><\/span><\/a><\/div><div class=\"fusion-clearfix\"><\/div><\/div><\/div><\/div><\/div><style type=\"text\/css\">.fusion-fullwidth.fusion-builder-row-4 a:not(.fusion-button):not(.fusion-builder-module-control):not(.fusion-social-network-icon):not(.fb-icon-element):not(.fusion-countdown-link):not(.fusion-rollover-link):not(.fusion-rollover-gallery):not(.fusion-button-bar):not(.add_to_cart_button):not(.show_details_button):not(.product_type_external):not(.fusion-quick-view):not(.fusion-rollover-title-link):not(.fusion-breadcrumb-link):hover, .fusion-fullwidth.fusion-builder-row-4 a:not(.fusion-button):not(.fusion-builder-module-control):not(.fusion-social-network-icon):not(.fb-icon-element):not(.fusion-countdown-link):not(.fusion-rollover-link):not(.fusion-rollover-gallery):not(.fusion-button-bar):not(.add_to_cart_button):not(.show_details_button):not(.product_type_external):not(.fusion-quick-view):not(.fusion-rollover-title-link):not(.fusion-breadcrumb-link):hover:before, .fusion-fullwidth.fusion-builder-row-4 a:not(.fusion-button):not(.fusion-builder-module-control):not(.fusion-social-network-icon):not(.fb-icon-element):not(.fusion-countdown-link):not(.fusion-rollover-link):not(.fusion-rollover-gallery):not(.fusion-button-bar):not(.add_to_cart_button):not(.show_details_button):not(.product_type_external):not(.fusion-quick-view):not(.fusion-rollover-title-link):not(.fusion-breadcrumb-link):hover:after {color: #65bc7b;}.fusion-fullwidth.fusion-builder-row-4 .pagination a.inactive:hover, .fusion-fullwidth.fusion-builder-row-4 .fusion-filters .fusion-filter.fusion-active a {border-color: #65bc7b;}.fusion-fullwidth.fusion-builder-row-4 .pagination .current {border-color: #65bc7b; background-color: #65bc7b;}.fusion-fullwidth.fusion-builder-row-4 .fusion-filters .fusion-filter.fusion-active a, .fusion-fullwidth.fusion-builder-row-4 .fusion-date-and-formats .fusion-format-box, .fusion-fullwidth.fusion-builder-row-4 .fusion-popover, .fusion-fullwidth.fusion-builder-row-4 .tooltip-shortcode {color: #65bc7b;}#main .fusion-fullwidth.fusion-builder-row-4 .post .blog-shortcode-post-title a:hover {color: #65bc7b;}<\/style><\/p>","protected":false},"excerpt":{"rendered":"","protected":false},"author":55674,"featured_media":0,"parent":305,"menu_order":0,"comment_status":"closed","ping_status":"closed","template":"template-fullwidth.php","meta":{"footnotes":""},"class_list":["post-1514","page","type-page","status-publish","hentry","post-preview"],"_links":{"self":[{"href":"https:\/\/pandemiccommunity.blogs.upv.es\/en\/wp-json\/wp\/v2\/pages\/1514","targetHints":{"allow":["GET"]}}],"collection":[{"href":"https:\/\/pandemiccommunity.blogs.upv.es\/en\/wp-json\/wp\/v2\/pages"}],"about":[{"href":"https:\/\/pandemiccommunity.blogs.upv.es\/en\/wp-json\/wp\/v2\/types\/page"}],"author":[{"embeddable":true,"href":"https:\/\/pandemiccommunity.blogs.upv.es\/en\/wp-json\/wp\/v2\/users\/55674"}],"replies":[{"embeddable":true,"href":"https:\/\/pandemiccommunity.blogs.upv.es\/en\/wp-json\/wp\/v2\/comments?post=1514"}],"version-history":[{"count":2,"href":"https:\/\/pandemiccommunity.blogs.upv.es\/en\/wp-json\/wp\/v2\/pages\/1514\/revisions"}],"predecessor-version":[{"id":2727,"href":"https:\/\/pandemiccommunity.blogs.upv.es\/en\/wp-json\/wp\/v2\/pages\/1514\/revisions\/2727"}],"up":[{"embeddable":true,"href":"https:\/\/pandemiccommunity.blogs.upv.es\/en\/wp-json\/wp\/v2\/pages\/305"}],"wp:attachment":[{"href":"https:\/\/pandemiccommunity.blogs.upv.es\/en\/wp-json\/wp\/v2\/media?parent=1514"}],"curies":[{"name":"wp","href":"https:\/\/api.w.org\/{rel}","templated":true}]}}